
{"id":29,"date":"2015-06-22T09:41:41","date_gmt":"2015-06-22T09:41:41","guid":{"rendered":"https:\/\/www.altatec.com.mx\/mx\/?page_id=29"},"modified":"2018-03-16T10:57:08","modified_gmt":"2018-03-16T16:57:08","slug":"our-products","status":"publish","type":"page","link":"https:\/\/altatec.com.mx\/mx\/our-products\/","title":{"rendered":"Nuestros productos"},"content":{"rendered":"<p><span id=\"result_box\" class=\"\" lang=\"es\"><span class=\"\">Las impresoras de c\u00f3digos de barras, las credenciales y las pulseras son ideales para entornos donde la automatizaci\u00f3n de procesos de control<\/span> <span class=\"\">tales como bibliotecas, f\u00e1bricas, centros de distribuci\u00f3n, transporte, gobierno, grandes almacenes, almacenes y tiendas<\/span> <span class=\"\">puntos de venta es obligatorio.<\/span> <span class=\"\">Ideal para imprimir etiquetas en diferentes versiones, desde impresoras de c\u00f3digos de barras donde se requiere impresi\u00f3n por volumen <\/span><span class=\"\">bajo, a impresoras para uso industrial, donde la calidad y el tiempo son un factor importante.<\/span><\/span><\/p>\n","protected":false},"excerpt":{"rendered":"<p>Las impresoras de c\u00f3digos de barras, las credenciales y las pulseras son ideales para entornos donde la automatizaci\u00f3n de procesos de control tales como bibliotecas, f\u00e1bricas, centros de distribuci\u00f3n, transporte, gobierno, grandes almacenes, almacenes y tiendas puntos de venta es obligatorio. Ideal para imprimir etiquetas en diferentes versiones, desde impresoras de c\u00f3digos de barras donde [&hellip;]<\/p>\n","protected":false},"author":1,"featured_media":226,"parent":0,"menu_order":0,"comment_status":"open","ping_status":"closed","template":"templates\/product.php","meta":{"_acf_changed":false,"footnotes":""},"acf":[],"_links":{"self":[{"href":"https:\/\/altatec.com.mx\/mx\/wp-json\/wp\/v2\/pages\/29"}],"collection":[{"href":"https:\/\/altatec.com.mx\/mx\/wp-json\/wp\/v2\/pages"}],"about":[{"href":"https:\/\/altatec.com.mx\/mx\/wp-json\/wp\/v2\/types\/page"}],"author":[{"embeddable":true,"href":"https:\/\/altatec.com.mx\/mx\/wp-json\/wp\/v2\/users\/1"}],"replies":[{"embeddable":true,"href":"https:\/\/altatec.com.mx\/mx\/wp-json\/wp\/v2\/comments?post=29"}],"version-history":[{"count":4,"href":"https:\/\/altatec.com.mx\/mx\/wp-json\/wp\/v2\/pages\/29\/revisions"}],"predecessor-version":[{"id":2999,"href":"https:\/\/altatec.com.mx\/mx\/wp-json\/wp\/v2\/pages\/29\/revisions\/2999"}],"wp:featuredmedia":[{"embeddable":true,"href":"https:\/\/altatec.com.mx\/mx\/wp-json\/wp\/v2\/media\/226"}],"wp:attachment":[{"href":"https:\/\/altatec.com.mx\/mx\/wp-json\/wp\/v2\/media?parent=29"}],"curies":[{"name":"wp","href":"https:\/\/api.w.org\/{rel}","templated":true}]}}